{"id":22,"date":"2023-02-08T10:08:14","date_gmt":"2023-02-08T10:08:14","guid":{"rendered":"https:\/\/delikates.co.rs\/?page_id=22"},"modified":"2026-05-11T18:28:37","modified_gmt":"2026-05-11T18:28:37","slug":"contact","status":"publish","type":"page","link":"https:\/\/delikates.co.rs\/english\/contact\/","title":{"rendered":"Contact"},"content":{"rendered":"<p><img decoding=\"async\" src=\"\/english\/wp-content\/uploads\/2026\/01\/sastojci_1987523907_o-scaled.jpg\" alt=\"\"><\/p>\n<h1>Contact<\/h1>\n<div>Contact us<\/div>\n<div><a href=\"mailto:delikates.martonos@gmail.com\"><\/p>\n<h1>delikates.martonos@gmail.com<\/h1>\n<p><\/a><\/div>\n<div><a href=\"mailto:delikates.martonos@gmail.com\">delikates.martonos@gmail.com<\/a><\/div>\n<div><a href=\"tel:+55512345678\">Tel.\/fax:\u00a0<\/p>\n<div>+38124\/4880-027\u00a0<\/p>\n<div>+38124\/4880-057<\/div>\n<\/div>\n<p><\/a><\/div>\n<div><a href=\"tel:+55512345678\">Tel.\/fax: +381 24\/880-027  +381 24\/880-057<\/a><\/div>\n<div>Visit us<\/div>\n<p><img decoding=\"async\" src=\"\/english\/wp-content\/uploads\/2026\/04\/nasa_firma.jpg\" alt=\"\"><\/p>\n<div>\n<p><span>Mar\u0161ala Tita 23<br \/>24417 Martono\u0161<br \/>Republic of Serbia <br \/><\/span><\/p>\n<\/div>\n<div><span>Mar\u0161ala Tita 23,<\/span><br \/><span>24417 Martono\u0161<\/span><\/div>\n<p><p>\n        <a href=\"https:\/\/maps.app.goo.gl\/Rz15MMn5QP1ENqoH8\">Find us on the map<\/a>\n    <\/p>\n<\/p>\n<div>\n<p>46.1130,20.0549<\/p>\n<div>DELIKATES SPICE &#038; PEPPER<\/div>\n<\/div>\n<h2>Delikates Spice &#038; Pepper d.o.o.<br \/><\/h2>\n<p><img decoding=\"async\" src=\"\/english\/wp-content\/uploads\/2026\/04\/oddo-f7.jpg\" alt=\"\"><\/p>\n<p><!--more--><br \/>\n<!-- {\"type\":\"layout\",\"children\":[{\"type\":\"section\",\"props\":{\"image_position\":\"center-center\",\"padding\":\"none\",\"padding_remove_bottom\":false,\"padding_remove_top\":false,\"style\":\"default\",\"title_breakpoint\":\"xl\",\"title_position\":\"top-left\",\"title_rotation\":\"left\",\"vertical_align\":\"\",\"width\":\"expand\"},\"children\":[{\"type\":\"row\",\"props\":{\"column_gap\":\"medium\",\"layout\":\"1-2,1-2\",\"margin_remove_bottom\":true,\"parallax\":false,\"width\":\"expand\"},\"children\":[{\"type\":\"column\",\"props\":{\"image_position\":\"center-center\",\"image_size\":\"cover\",\"media_visibility\":\"m\",\"padding\":\"none\",\"position_sticky\":\"column\",\"position_sticky_breakpoint\":\"m\",\"width_large\":\"1-2\"},\"children\":[{\"type\":\"image\",\"props\":{\"image\":\"wp-content\\\/uploads\\\/2026\\\/01\\\/sastojci_1987523907_o-scaled.jpg\",\"image_loading\":true,\"image_svg_color\":\"emphasis\",\"image_viewport_height\":true,\"image_width\":\"1240\",\"margin\":\"default\",\"visibility\":\"l\"}}]},{\"type\":\"column\",\"props\":{\"image_position\":\"center-center\",\"position_sticky_breakpoint\":\"m\",\"width_large\":\"1-2\"},\"children\":[{\"type\":\"headline\",\"props\":{\"block_align\":\"center\",\"content\":\"Contact\",\"css\":\".el-element { margin-top: 70px; }\\n\\n@media(min-width: 1200px) {\\n    .el-element { margin-top: 140px; }\\n}\",\"margin\":\"large\",\"maxwidth\":\"xlarge\",\"text_align\":\"left\",\"title_element\":\"h1\",\"title_style\":\"heading-medium\"}},{\"type\":\"headline\",\"props\":{\"block_align\":\"center\",\"content\":\"Contact us\",\"margin\":\"large\",\"margin_remove_bottom\":true,\"maxwidth\":\"xlarge\",\"text_align\":\"left\",\"title_color\":\"primary\",\"title_element\":\"div\",\"title_style\":\"h4\"}},{\"type\":\"headline\",\"props\":{\"block_align\":\"center\",\"content\":\"\n\n<h1>delikates.martonos@gmail.com<\\\/h1>\",\"link\":\"mailto:delikates.martonos@gmail.com\",\"margin\":\"default\",\"margin_remove_bottom\":true,\"maxwidth\":\"xlarge\",\"text_align\":\"left\",\"title_element\":\"div\",\"title_style\":\"heading-small\",\"visibility\":\"s\"}},{\"type\":\"headline\",\"props\":{\"block_align\":\"center\",\"content\":\"delikates.martonos@gmail.com\",\"link\":\"mailto:delikates.martonos@gmail.com\",\"margin\":\"default\",\"margin_remove_bottom\":true,\"maxwidth\":\"xlarge\",\"text_align\":\"left\",\"title_element\":\"div\",\"title_style\":\"h2\",\"visibility\":\"hidden-s\"}},{\"type\":\"headline\",\"props\":{\"block_align\":\"center\",\"content\":\"Tel.\\\/fax:\\u00a0\\n\n\n<div>+38124\\\/4880-027\\u00a0\\n\n\n<div>+38124\\\/4880-057<\\\/div>\\n<\\\/div>\",\"link\":\"tel:+55512345678\",\"margin\":\"default\",\"maxwidth\":\"xlarge\",\"text_align\":\"left\",\"title_element\":\"div\",\"title_style\":\"heading-small\",\"visibility\":\"s\"}},{\"type\":\"headline\",\"props\":{\"block_align\":\"center\",\"content\":\"Tel.\\\/fax: +381 24\\\/880-027  +381 24\\\/880-057\",\"link\":\"tel:+55512345678\",\"margin\":\"default\",\"maxwidth\":\"xlarge\",\"text_align\":\"left\",\"title_element\":\"div\",\"title_style\":\"h2\",\"visibility\":\"hidden-s\"}},{\"type\":\"headline\",\"props\":{\"block_align\":\"center\",\"content\":\"Visit us\",\"margin\":\"large\",\"margin_remove_bottom\":true,\"maxwidth\":\"xlarge\",\"text_align\":\"left\",\"title_color\":\"primary\",\"title_element\":\"div\",\"title_style\":\"h4\"}},{\"type\":\"image\",\"props\":{\"image\":\"wp-content\\\/uploads\\\/2026\\\/04\\\/nasa_firma.jpg\",\"image_svg_color\":\"emphasis\",\"margin\":\"default\"}},{\"type\":\"headline\",\"props\":{\"block_align\":\"center\",\"content\":\"\n\n<p><span>Mar\\u0161ala Tita 23<br \\\/>24417 Martono\\u0161<br \\\/>Republic of Serbia <br \\\/><\\\/span><\\\/p>\",\"margin\":\"default\",\"maxwidth\":\"xlarge\",\"text_align\":\"left\",\"title_element\":\"div\",\"title_style\":\"heading-small\",\"visibility\":\"s\"}},{\"type\":\"headline\",\"props\":{\"block_align\":\"center\",\"content\":\"<span>Mar\\u0161ala Tita 23,<\\\/span><br \\\/><span>24417 Martono\\u0161<\\\/span>\",\"margin\":\"default\",\"maxwidth\":\"xlarge\",\"text_align\":\"left\",\"title_element\":\"div\",\"title_style\":\"h2\",\"visibility\":\"hidden-s\"}},{\"type\":\"button\",\"props\":{\"block_align\":\"center\",\"grid_column_gap\":\"small\",\"grid_row_gap\":\"small\",\"margin\":\"large\",\"maxwidth\":\"xlarge\"},\"children\":[{\"type\":\"button_item\",\"props\":{\"button_style\":\"text\",\"content\":\"Find us on the map\",\"dialog_layout\":\"modal\",\"dialog_offcanvas_flip\":true,\"icon_align\":\"left\",\"link\":\"https:\\\/\\\/maps.app.goo.gl\\\/Rz15MMn5QP1ENqoH8\",\"link_target\":\"blank\"}}]},{\"type\":\"map\",\"props\":{\"controls\":false,\"dragging\":false,\"fit_bounds\":false,\"height\":500,\"image_svg_color\":\"emphasis\",\"link_style\":\"default\",\"link_text\":\"Read more\",\"margin\":\"xlarge\",\"max_zoom\":18,\"meta_align\":\"below-title\",\"meta_element\":\"div\",\"meta_style\":\"text-meta\",\"min_zoom\":0,\"poi\":false,\"show_content\":true,\"show_image\":true,\"show_link\":true,\"show_meta\":true,\"show_title\":true,\"styler_gamma\":\"0.3\",\"styler_lightness\":\"75\",\"styler_saturation\":\"-100\",\"title_element\":\"div\",\"title_hover_style\":\"reset\",\"title_style\":\"h3\",\"type\":\"roadmap\",\"zoom\":\"15\",\"zooming\":false},\"children\":[{\"type\":\"map_item\",\"props\":{\"location\":\"46.1130,20.0549\",\"title\":\"DELIKATES SPICE & PEPPER\"}}]},{\"type\":\"headline\",\"props\":{\"block_align\":\"center\",\"content\":\"Delikates Spice & Pepper d.o.o.<br \/>\",\"margin\":\"large\",\"maxwidth\":\"xlarge\",\"text_align\":\"left\",\"title_element\":\"h2\",\"title_style\":\"heading-large\"}},{\"type\":\"image\",\"props\":{\"image\":\"wp-content\\\/uploads\\\/2026\\\/04\\\/oddo-f7.jpg\",\"image_svg_color\":\"emphasis\",\"image_width\":\"1240\",\"margin\":\"xlarge\",\"margin_remove_bottom\":true}}]}]}],\"name\":\"Kontakt\"}],\"version\":\"4.5.32\"} --><\/p>\n","protected":false},"excerpt":{"rendered":"<p>Contact Contact us delikates.martonos@gmail.com delikates.martonos@gmail.com Tel.\/fax:\u00a0 +38124\/4880-027\u00a0 +38124\/4880-057 Tel.\/fax: +381 24\/880-027 +381 24\/880-057 Visit us Mar\u0161ala Tita 2324417 Martono\u0161Republic of Serbia Mar\u0161ala Tita 23,24417 Martono\u0161 Find us on the map 46.1130,20.0549 DELIKATES SPICE &#038; PEPPER Delikates Spice &#038; Pepper d.o.o.<\/p>\n","protected":false},"author":1,"featured_media":0,"parent":0,"menu_order":2,"comment_status":"closed","ping_status":"closed","template":"","meta":{"_acf_changed":false,"footnotes":""},"class_list":["post-22","page","type-page","status-publish","hentry"],"acf":[],"_links":{"self":[{"href":"https:\/\/delikates.co.rs\/english\/wp-json\/wp\/v2\/pages\/22","targetHints":{"allow":["GET"]}}],"collection":[{"href":"https:\/\/delikates.co.rs\/english\/wp-json\/wp\/v2\/pages"}],"about":[{"href":"https:\/\/delikates.co.rs\/english\/wp-json\/wp\/v2\/types\/page"}],"author":[{"embeddable":true,"href":"https:\/\/delikates.co.rs\/english\/wp-json\/wp\/v2\/users\/1"}],"replies":[{"embeddable":true,"href":"https:\/\/delikates.co.rs\/english\/wp-json\/wp\/v2\/comments?post=22"}],"version-history":[{"count":46,"href":"https:\/\/delikates.co.rs\/english\/wp-json\/wp\/v2\/pages\/22\/revisions"}],"predecessor-version":[{"id":2710,"href":"https:\/\/delikates.co.rs\/english\/wp-json\/wp\/v2\/pages\/22\/revisions\/2710"}],"wp:attachment":[{"href":"https:\/\/delikates.co.rs\/english\/wp-json\/wp\/v2\/media?parent=22"}],"curies":[{"name":"wp","href":"https:\/\/api.w.org\/{rel}","templated":true}]}}